{"id":528,"date":"2025-04-17T09:31:05","date_gmt":"2025-04-17T09:31:05","guid":{"rendered":"https:\/\/fannywerther.de\/?page_id=528"},"modified":"2025-04-17T09:44:33","modified_gmt":"2025-04-17T09:44:33","slug":"impressum","status":"publish","type":"page","link":"https:\/\/fannywerther.de\/?page_id=528","title":{"rendered":"Impressum"},"content":{"rendered":"\t\t<div data-elementor-type=\"wp-page\" data-elementor-id=\"528\" class=\"elementor elementor-528\">\n\t\t\t\t<div class=\"elementor-element elementor-element-48b3d2d6 e-flex e-con-boxed wpr-particle-no wpr-jarallax-no wpr-parallax-no wpr-sticky-section-no wpr-equal-height-no e-con e-parent\" data-id=\"48b3d2d6\" data-element_type=\"container\" data-e-type=\"container\">\n\t\t\t\t\t<div class=\"e-con-inner\">\n\t\t\t\t<div class=\"elementor-element elementor-element-dcbcc3e elementor-widget elementor-widget-text-editor\" data-id=\"dcbcc3e\" data-element_type=\"widget\" data-e-type=\"widget\" data-widget_type=\"text-editor.default\">\n\t\t\t\t<div class=\"elementor-widget-container\">\n\t\t\t\t\t\t\t\t\t<p><span style=\"font-size: 16.8px;\">Stand 01.05.2025<\/span><\/p>\n<p><b>Angaben gem\u00e4\u00df \u00a7 5 TMG<\/b><b><\/b><\/p>\n<p>Fanny Fee Werther (Inhaltlich Verantwortliche)<\/p>\n<p><strong>c\/o Basec GmbH<\/strong><\/p>\n<p>Weinstr. 5,&nbsp;67146 Deideseheim<br>E-Mail: kontakt@basec.de<\/p>\n<p><b>Hosting<\/b><b><\/b><\/p>\n<p><strong>Basec GmbH<\/strong><br>Weinstra\u00dfe 5, 67146 Deidesheim<\/p>\n<p>Telefon: +49&nbsp;6326 9719 525<br>E-Mail: info@basec.de<br>Website: <a href=\"https:\/\/www.basec.de\">www.basec.de<\/a><\/p><p><br><\/p><p><br><\/p><p><span><\/span><\/p><h3><b>Haftung f\u00fcr Links<\/b><\/h3><p>Unser Angebot kann Links zu externen Webseiten Dritter enthalten, auf deren Inhalte wir keinen Einfluss haben. Deshalb k\u00f6nnen wir f\u00fcr diese fremden Inhalte keine Gew\u00e4hr \u00fcbernehmen. F\u00fcr die Inhalte der verlinkten Seiten ist stets der jeweilige Anbieter oder Betreiber verantwortlich. Zum Zeitpunkt der Verlinkung waren keine Rechtsverst\u00f6\u00dfe erkennbar. Eine permanente \u00dcberpr\u00fcfung der verlinkten Seiten ist ohne konkrete Hinweise auf eine Rechtsverletzung nicht zumutbar. Bei Bekanntwerden von Rechtsverletzungen werden wir derartige Links umgehend entfernen.<\/p><p><br><\/p><p><span><\/span><\/p><h3><b>Urheberrecht<\/b><\/h3><p>Die durch die Seitenbetreiberin erstellten Inhalte und Werke auf diesen Seiten unterliegen dem deutschen Urheberrecht. Beitr\u00e4ge Dritter sind als solche gekennzeichnet. Jede Verwertung au\u00dferhalb der Grenzen des Urheberrechts bedarf der schriftlichen Zustimmung der jeweiligen Autorin bzw. des jeweiligen Autors. Downloads und Kopien dieser Seite sind nur f\u00fcr den privaten, nicht kommerziellen Gebrauch gestattet.<\/p><p>\n\n\n\n\n\n\n\n\n\n\n\n\n\n\n<\/p><p>Soweit die Inhalte auf dieser Seite nicht von der Betreiberin erstellt wurden, werden die Urheberrechte Dritter beachtet und entsprechende Inhalte gekennzeichnet. Solltest du trotzdem auf eine Urheberrechtsverletzung aufmerksam werden, bitten wir um einen entsprechenden Hinweis. Bei Bekanntwerden von Rechtsverletzungen werden wir diese Inhalte umgehend entfernen.<\/p>\t\t\t\t\t\t\t\t<\/div>\n\t\t\t\t<\/div>\n\t\t\t\t\t<\/div>\n\t\t\t\t<\/div>\n\t\t\t\t<\/div>\n\t\t","protected":false},"excerpt":{"rendered":"<p>Stand 01.05.2025 Angaben gem\u00e4\u00df \u00a7 5 TMG Fanny Fee Werther (Inhaltlich Verantwortliche) c\/o Basec GmbH Weinstr. 5,&nbsp;67146 DeideseheimE-Mail: kontakt@basec.de Hosting Basec GmbHWeinstra\u00dfe 5, 67146 Deidesheim Telefon: +49&nbsp;6326 9719 525E-Mail: info@basec.deWebsite: www.basec.de Haftung f\u00fcr Links Unser Angebot kann Links zu externen Webseiten Dritter enthalten, auf deren Inhalte wir keinen Einfluss haben. Deshalb k\u00f6nnen wir f\u00fcr diese fremden Inhalte keine Gew\u00e4hr \u00fcbernehmen. F\u00fcr die Inhalte der verlinkten Seiten ist stets der jeweilige Anbieter oder Betreiber verantwortlich. Zum Zeitpunkt der Verlinkung waren keine Rechtsverst\u00f6\u00dfe erkennbar. Eine permanente \u00dcberpr\u00fcfung der verlinkten Seiten ist ohne konkrete Hinweise auf eine Rechtsverletzung nicht zumutbar. Bei Bekanntwerden von Rechtsverletzungen werden wir derartige Links umgehend entfernen. Urheberrecht Die durch die Seitenbetreiberin erstellten Inhalte und Werke auf diesen Seiten unterliegen dem deutschen Urheberrecht. Beitr\u00e4ge Dritter sind als solche gekennzeichnet. Jede Verwertung au\u00dferhalb der Grenzen des Urheberrechts bedarf der schriftlichen Zustimmung der jeweiligen Autorin bzw. des jeweiligen Autors. Downloads und Kopien dieser Seite sind nur f\u00fcr den privaten, nicht kommerziellen Gebrauch gestattet. Soweit die Inhalte auf dieser Seite nicht von der Betreiberin erstellt wurden, werden die Urheberrechte Dritter beachtet und entsprechende Inhalte gekennzeichnet. Solltest du trotzdem auf eine Urheberrechtsverletzung aufmerksam werden, bitten wir um einen entsprechenden Hinweis. Bei Bekanntwerden von Rechtsverletzungen werden wir diese Inhalte umgehend entfernen.<\/p>\n","protected":false},"author":1,"featured_media":0,"parent":0,"menu_order":0,"comment_status":"closed","ping_status":"closed","template":"elementor_canvas","meta":{"footnotes":""},"class_list":["post-528","page","type-page","status-publish","hentry"],"_links":{"self":[{"href":"https:\/\/fannywerther.de\/index.php?rest_route=\/wp\/v2\/pages\/528"}],"collection":[{"href":"https:\/\/fannywerther.de\/index.php?rest_route=\/wp\/v2\/pages"}],"about":[{"href":"https:\/\/fannywerther.de\/index.php?rest_route=\/wp\/v2\/types\/page"}],"author":[{"embeddable":true,"href":"https:\/\/fannywerther.de\/index.php?rest_route=\/wp\/v2\/users\/1"}],"replies":[{"embeddable":true,"href":"https:\/\/fannywerther.de\/index.php?rest_route=%2Fwp%2Fv2%2Fcomments&post=528"}],"version-history":[{"count":4,"href":"https:\/\/fannywerther.de\/index.php?rest_route=\/wp\/v2\/pages\/528\/revisions"}],"predecessor-version":[{"id":532,"href":"https:\/\/fannywerther.de\/index.php?rest_route=\/wp\/v2\/pages\/528\/revisions\/532"}],"wp:attachment":[{"href":"https:\/\/fannywerther.de\/index.php?rest_route=%2Fwp%2Fv2%2Fmedia&parent=528"}],"curies":[{"name":"wp","href":"https:\/\/api.w.org\/{rel}","templated":true}]}}